{"id":9,"date":"2018-09-11T13:07:45","date_gmt":"2018-09-11T13:07:45","guid":{"rendered":"https:\/\/themes.muffingroup.com\/be\/logistics2\/?page_id=9"},"modified":"2022-09-08T08:59:34","modified_gmt":"2022-09-08T06:59:34","slug":"despre","status":"publish","type":"page","link":"http:\/\/web.adlertrailer.ro\/en\/despre\/","title":{"rendered":"About Us"},"content":{"rendered":"<div class=\"mk-page-section-wrapper\" data-mk-full-width=\"true\" data-mk-full-width-init=\"true\" data-mk-stretch-content=\"true\">\n\t<div id=\"page-section-1\" class=\"mk-page-section self-hosted   full_layout full-width-1 js-el js-master-row jupiter-donut-\"    data-intro-effect=\"false\">\n\n\t\t\t\n\t\t\t<div class=\"mk-page-section-inner\">\n\t\t\t\t\n\n\n<div class=\"mk-video-color-mask\"><\/div>\n\n\t\t\t\t\n\t\t\t\t\n\t\t\t<div class=\"mk-section-preloader js-el\" data-mk-component=\"Preloader\">\n\t\t\t<div class=\"mk-section-preloader__icon\"><\/div>\n\t\t<\/div>\n\t\n\t<div class=\"background-layer-holder\">\n\t\t<div id=\"background-layer--1\" data-mk-lazyload=\"false\" class=\"background-layer  none-blend-effect js-el\" data-mk-component=\"Parallax\" data-parallax-config='{\"speed\" : 0.3 }'  data-mk-img-set='{\"landscape\":{\"desktop\":\"http:\/\/web.adlertrailer.ro\/wp-content\/uploads\/2022\/09\/headerbg-11.jpg\",\"tablet\":\"http:\/\/web.adlertrailer.ro\/wp-content\/uploads\/2022\/09\/headerbg-11-1024x768.jpg\",\"mobile\":\"http:\/\/web.adlertrailer.ro\/wp-content\/uploads\/2022\/09\/headerbg-11-736x414.jpg\"},\"responsive\":\"true\"}' >\n\t\t\t\t\t\t\t\t\t<div class=\"mk-color-layer\"><\/div>\n\t\t<\/div>\n\t<\/div>\n\n\t\t\t<\/div>\n\n\t\t\t\n        <div class=\"page-section-content vc_row-fluid mk-grid fluid-width-equal-height-columns vertical-align-center\" >\n            <div class=\"mk-padding-wrapper wpb_row\">\n<div class=\"vc_col-sm-6 wpb_column column_container vc_custom_1662299566850 jupiter-donut- _ jupiter-donut-height-full\">\n\t\n<h2 id=\"fancy-title-3\" class=\"mk-fancy-title  simple-style jupiter-donut-  color-single\">\n\t<span>\n\t\t\t\t<p>About Us<\/p>\n\t\t\t<\/span>\n<\/h2>\n<div class=\"clearboth\"><\/div>\n\n\n\n<\/div>\n\n<div class=\"vc_col-sm-6 wpb_column column_container  jupiter-donut- _ jupiter-donut-height-full\">\n\t<\/div>\n<\/div>\n            <div class=\"clearboth\"><\/div>\n        <\/div>\n\n\n\t\t\t\n\t\t\t\n\t\t\t\n\t\t<div class=\"clearboth\"><\/div>\n\t<\/div>\n<\/div>\n<div class=\"vc_row-full-width vc_clearfix\"><\/div>\n\n\n<div  data-mk-stretch-content=\"true\" class=\"wpb_row vc_row vc_row-fluid jupiter-donut- mk-fullwidth-false  attched-false    vc_custom_1662299810379  js-master-row  mk-grid\">\n\t\t\t\t\n<div class=\"vc_col-sm-4 wpb_column column_container  jupiter-donut- _ jupiter-donut-height-full\">\n\t\n<h2 id=\"fancy-title-6\" class=\"mk-fancy-title  simple-style jupiter-donut-  color-single\">\n\t<span>\n\t\t\t\t<p>Specialists in oversized transports<\/p>\n\t\t\t<\/span>\n<\/h2>\n<div class=\"clearboth\"><\/div>\n\n\n\n<div class=\"vc_separator wpb_content_element vc_separator_align_center vc_sep_width_10 vc_sep_border_width_3 vc_sep_pos_align_left vc_separator_no_text\" ><span class=\"vc_sep_holder vc_sep_holder_l\"><span  style=\"border-color:#3e7aff;\" class=\"vc_sep_line\"><\/span><\/span><span class=\"vc_sep_holder vc_sep_holder_r\"><span  style=\"border-color:#3e7aff;\" class=\"vc_sep_line\"><\/span><\/span>\n<\/div><\/div>\n\n<div class=\"vc_col-sm-8 wpb_column column_container  jupiter-donut- _ jupiter-donut-height-full\">\n\t\t<div class=\"vc_custom_1662615990197\">\n\n<div id=\"text-block-8\" class=\"mk-text-block  jupiter-donut-\">\n\n\t\n\t<p style=\"text-align:justify;\">ADLER TRAILER is a reliable company, specialized in logistics services, that mainly performs oversized road transportation of large goods on internal and international routes.<\/p>\n<p style=\"text-align:justify;\">We transport heavy and bulky machineries and equipments from fields such as agriculture, industry, or constructions. For years we have been constantly carrying out international transportation to and from several European countries, such as Germany, Italy, France, etc.<\/p>\n<p style=\"text-align:justify;\">We transport heavy and bulky machineries and equipments from fields such as agriculture, industry, or constructions. We have various types of modern, performant transportation means that provide a high safety level of the accomplished transports and allow easy loading and unloading of large goods, in many cases not requiring the use of special equipment for this purpose.<\/p>\n\n\t<div class=\"clearboth\"><\/div>\n<\/div>\n\n\t<\/div>\n\n\t<div  class=\"wpb_single_image wpb_content_element vc_align_left\">\n\t\t\n\t\t<figure class=\"wpb_wrapper vc_figure\">\n\t\t\t<div class=\"vc_single_image-wrapper   vc_box_border_grey\"><img width=\"800\" height=\"440\" src=\"http:\/\/web.adlertrailer.ro\/wp-content\/uploads\/2022\/09\/img-dn1.jpg\" class=\"vc_single_image-img attachment-full\" alt=\"\" loading=\"lazy\" title=\"img-dn1\" srcset=\"http:\/\/web.adlertrailer.ro\/wp-content\/uploads\/2022\/09\/img-dn1.jpg 800w, http:\/\/web.adlertrailer.ro\/wp-content\/uploads\/2022\/09\/img-dn1-300x165.jpg 300w, http:\/\/web.adlertrailer.ro\/wp-content\/uploads\/2022\/09\/img-dn1-768x422.jpg 768w\" sizes=\"(max-width: 800px) 100vw, 800px\" itemprop=\"image\" \/><\/div>\n\t\t<\/figure>\n\t<\/div>\n<\/div>\n\t<\/div>\n\n<div  data-mk-stretch-content=\"true\" class=\"wpb_row vc_row vc_row-fluid jupiter-donut- mk-fullwidth-false  attched-false    vc_custom_1662299810379  js-master-row  mk-grid\">\n\t\t\t\t\n<div class=\"vc_col-sm-4 wpb_column column_container  jupiter-donut- _ jupiter-donut-height-full\">\n\t\n<h2 id=\"fancy-title-10\" class=\"mk-fancy-title  simple-style jupiter-donut-  color-single\">\n\t<span>\n\t\t\t\t<p>Safe and fast transportation since 2011<\/p>\n\t\t\t<\/span>\n<\/h2>\n<div class=\"clearboth\"><\/div>\n\n\n\n<div class=\"vc_separator wpb_content_element vc_separator_align_center vc_sep_width_10 vc_sep_border_width_3 vc_sep_pos_align_left vc_separator_no_text\" ><span class=\"vc_sep_holder vc_sep_holder_l\"><span  style=\"border-color:#3e7aff;\" class=\"vc_sep_line\"><\/span><\/span><span class=\"vc_sep_holder vc_sep_holder_r\"><span  style=\"border-color:#3e7aff;\" class=\"vc_sep_line\"><\/span><\/span>\n<\/div><\/div>\n\n<div class=\"vc_col-sm-8 wpb_column column_container  jupiter-donut- _ jupiter-donut-height-full\">\n\t\t<div class=\"vc_custom_1662616143464\">\n\n<div id=\"text-block-12\" class=\"mk-text-block  jupiter-donut-\">\n\n\t\n\t<p style=\"text-align:justify;\">\nWe have well trained stuff and an extensive expertise \u00een the field of oversized transportation since 2011, that we fully value to transport our customers' goods safely and fast.<\/p>\n<p style=\"text-align:justify;\">Our seriousness and constant concern for providing transport services to the highest quality standards has significantly contributed to gain the trust and appreciation of our customers. Thus, over time, collaborative relations have been tightened with several important companies in the fields of production and trade of established brands of agricultural machinery and not only.<\/p>\n<p style=\"text-align:justify;\">The principles that guide our whole activity are:<br \/>\n<strong>Seriousness, Fairness, Quality, Promptness and Flexibility.<\/strong>.<\/p>\n\n\t<div class=\"clearboth\"><\/div>\n<\/div>\n\n\t<\/div>\n\n\t<div  class=\"wpb_single_image wpb_content_element vc_align_left\">\n\t\t\n\t\t<figure class=\"wpb_wrapper vc_figure\">\n\t\t\t<div class=\"vc_single_image-wrapper   vc_box_border_grey\"><img width=\"800\" height=\"440\" src=\"http:\/\/web.adlertrailer.ro\/wp-content\/uploads\/2022\/09\/img-dn.jpg\" class=\"vc_single_image-img attachment-full\" alt=\"\" loading=\"lazy\" title=\"img-dn\" srcset=\"http:\/\/web.adlertrailer.ro\/wp-content\/uploads\/2022\/09\/img-dn.jpg 800w, http:\/\/web.adlertrailer.ro\/wp-content\/uploads\/2022\/09\/img-dn-300x165.jpg 300w, http:\/\/web.adlertrailer.ro\/wp-content\/uploads\/2022\/09\/img-dn-768x422.jpg 768w\" sizes=\"(max-width: 800px) 100vw, 800px\" itemprop=\"image\" \/><\/div>\n\t\t<\/figure>\n\t<\/div>\n<\/div>\n\t<\/div>\n\n<div  data-mk-stretch-content=\"true\" class=\"wpb_row vc_row vc_row-fluid jupiter-donut- mk-fullwidth-false  attched-false     js-master-row  mk-grid\">\n\t\t\t\t\n<div class=\"vc_col-sm-12 wpb_column column_container  jupiter-donut- _ jupiter-donut-height-full\">\n\t<div class=\"vc_empty_space\"   style=\"height: 70px\"><span class=\"vc_empty_space_inner\"><\/span><\/div><\/div>\n\t<\/div>\n\n<div  data-mk-full-width=\"true\" data-mk-full-width-init=\"false\" class=\"wpb_row vc_row vc_row-fluid jupiter-donut- mk-fullwidth-true  attched-false    vc_custom_1662360144977  js-master-row\">\n\t\t\t<div class=\"mk-grid\">\n\t\t\t\t\n<div class=\"vc_col-sm-8 wpb_column column_container  jupiter-donut- _ jupiter-donut-height-full\">\n\t<div class=\"vc_empty_space\"   style=\"height: 30px\"><span class=\"vc_empty_space_inner\"><\/span><\/div>\n<h2 id=\"fancy-title-15\" class=\"mk-fancy-title  simple-style jupiter-donut-  color-single\">\n\t<span>\n\t\t\t\t<p>Fast and safe oversized transport<\/p>\n\t\t\t<\/span>\n<\/h2>\n<div class=\"clearboth\"><\/div>\n\n\n\n\n<h2 id=\"fancy-title-16\" class=\"mk-fancy-title  simple-style jupiter-donut-  color-single\">\n\t<span>\n\t\t\t\t<p>Give us details about the type of goods and we will respond as soon as possible!<\/p>\n\t\t\t<\/span>\n<\/h2>\n<div class=\"clearboth\"><\/div>\n\n\n\n<\/div>\n\n<div class=\"vc_col-sm-4 wpb_column column_container  jupiter-donut- _ jupiter-donut-height-full\">\n\t\n<div id=\"mk-button-18\" class=\"mk-button-container _ jupiter-donut-relative    jupiter-donut-block jupiter-donut-text-center\">\n\n\t\n\t\t<a href=\"http:\/\/web.adlertrailer.ro\/en\/contact\/\" target=\"_self\" class=\"mk-button js-smooth-scroll mk-button--dimension-outline mk-button--size-x-large mk-button--corner-full_rounded _ jupiter-donut-relative jupiter-donut-text-center jupiter-donut-font-weight-700 jupiter-donut-no-backface  jupiter-donut-letter-spacing-2 jupiter-donut-inline-block\"><span class=\"mk-button--text\">Ask for offer<\/span><\/a>\n\n\t\n<\/div>\n<div class=\"vc_empty_space\"   style=\"height: 15px\"><span class=\"vc_empty_space_inner\"><\/span><\/div><\/div>\n\t\t\t<\/div>\n\t<\/div>\n<div class=\"vc_row-full-width vc_clearfix\"><\/div>","protected":false},"excerpt":{"rendered":"Despre noi Speciali\u015fti \u00een transporturi agabaritice ADLER TRAILER este o companie fiabil\u0103, specializat\u0103 \u00een servicii de logistic\u0103, care realizeaz\u0103 preponderent transporturi rutiere agabaritice, interne \u0219i interna\u021bionale, de m\u0103rfuri de mari dimensiuni. Transport\u0103m utilaje \u0219i echipamente grele \u0219i voluminoase din domeniul agriculturii, domeniul industrial, sau cel al construc\u021biilor. De ani de zile efectu\u0103m \u00een mod constant [...]","protected":false},"author":1,"featured_media":0,"parent":0,"menu_order":0,"comment_status":"closed","ping_status":"closed","template":"","meta":[],"_links":{"self":[{"href":"http:\/\/web.adlertrailer.ro\/en\/wp-json\/wp\/v2\/pages\/9"}],"collection":[{"href":"http:\/\/web.adlertrailer.ro\/en\/wp-json\/wp\/v2\/pages"}],"about":[{"href":"http:\/\/web.adlertrailer.ro\/en\/wp-json\/wp\/v2\/types\/page"}],"author":[{"embeddable":true,"href":"http:\/\/web.adlertrailer.ro\/en\/wp-json\/wp\/v2\/users\/1"}],"replies":[{"embeddable":true,"href":"http:\/\/web.adlertrailer.ro\/en\/wp-json\/wp\/v2\/comments?post=9"}],"version-history":[{"count":45,"href":"http:\/\/web.adlertrailer.ro\/en\/wp-json\/wp\/v2\/pages\/9\/revisions"}],"predecessor-version":[{"id":154,"href":"http:\/\/web.adlertrailer.ro\/en\/wp-json\/wp\/v2\/pages\/9\/revisions\/154"}],"wp:attachment":[{"href":"http:\/\/web.adlertrailer.ro\/en\/wp-json\/wp\/v2\/media?parent=9"}],"curies":[{"name":"wp","href":"https:\/\/api.w.org\/{rel}","templated":true}]}}