{"id":344,"date":"2023-02-21T15:12:34","date_gmt":"2023-02-21T13:12:34","guid":{"rendered":"http:\/\/web.adlertrailer.ro\/?page_id=344"},"modified":"2023-02-21T15:12:34","modified_gmt":"2023-02-21T13:12:34","slug":"protectia-datelor","status":"publish","type":"page","link":"http:\/\/web.adlertrailer.ro\/en\/protectia-datelor\/","title":{"rendered":"Protectia Datelor"},"content":{"rendered":"<div class=\"mk-page-section-wrapper\" data-mk-full-width=\"true\" data-mk-full-width-init=\"true\" data-mk-stretch-content=\"true\">\n\t<div id=\"page-section-1\" class=\"mk-page-section self-hosted   full_layout full-width-1 js-el js-master-row jupiter-donut-\"    data-intro-effect=\"false\">\n\n\t\t\t\n\t\t\t<div class=\"mk-page-section-inner\">\n\t\t\t\t\n\n\n<div class=\"mk-video-color-mask\"><\/div>\n\n\t\t\t\t\n\t\t\t\t\n\t\t\t<div class=\"mk-section-preloader js-el\" data-mk-component=\"Preloader\">\n\t\t\t<div class=\"mk-section-preloader__icon\"><\/div>\n\t\t<\/div>\n\t\n\t<div class=\"background-layer-holder\">\n\t\t<div id=\"background-layer--1\" data-mk-lazyload=\"false\" class=\"background-layer  none-blend-effect js-el\" data-mk-component=\"Parallax\" data-parallax-config='{\"speed\" : 0.3 }'  data-mk-img-set='{\"landscape\":{\"desktop\":\"http:\/\/web.adlertrailer.ro\/wp-content\/uploads\/2022\/09\/headerbg-11.jpg\",\"tablet\":\"http:\/\/web.adlertrailer.ro\/wp-content\/uploads\/2022\/09\/headerbg-11-1024x768.jpg\",\"mobile\":\"http:\/\/web.adlertrailer.ro\/wp-content\/uploads\/2022\/09\/headerbg-11-736x414.jpg\"},\"responsive\":\"true\"}' >\n\t\t\t\t\t\t\t\t\t<div class=\"mk-color-layer\"><\/div>\n\t\t<\/div>\n\t<\/div>\n\n\t\t\t<\/div>\n\n\t\t\t\n        <div class=\"page-section-content vc_row-fluid mk-grid fluid-width-equal-height-columns vertical-align-center\" >\n            <div class=\"mk-padding-wrapper wpb_row\">\n<div class=\"vc_col-sm-6 wpb_column column_container vc_custom_1662299566850 jupiter-donut- _ jupiter-donut-height-full\">\n\t\n<h2 id=\"fancy-title-3\" class=\"mk-fancy-title  simple-style jupiter-donut-  color-single\">\n\t<span>\n\t\t\t\t<p>Protectia datelor cu caracter personal<\/p>\n\t\t\t<\/span>\n<\/h2>\n<div class=\"clearboth\"><\/div>\n\n\n\n<\/div>\n\n<div class=\"vc_col-sm-6 wpb_column column_container  jupiter-donut- _ jupiter-donut-height-full\">\n\t<\/div>\n<\/div>\n            <div class=\"clearboth\"><\/div>\n        <\/div>\n\n\n\t\t\t\n\t\t\t\n\t\t\t\n\t\t<div class=\"clearboth\"><\/div>\n\t<\/div>\n<\/div>\n<div class=\"vc_row-full-width vc_clearfix\"><\/div>\n\n\n<div  data-mk-stretch-content=\"true\" class=\"wpb_row vc_row vc_row-fluid jupiter-donut- mk-fullwidth-false  attched-false    vc_custom_1662299810379  js-master-row  mk-grid\">\n\t\t\t\t\n<div class=\"vc_col-sm-4 wpb_column column_container  jupiter-donut- _ jupiter-donut-height-full\">\n\t\n<h2 id=\"fancy-title-6\" class=\"mk-fancy-title  simple-style jupiter-donut-  color-single\">\n\t<span>\n\t\t\t\t<p>Politica de<br \/>\nconfiden\u021bialitate<\/p>\n\t\t\t<\/span>\n<\/h2>\n<div class=\"clearboth\"><\/div>\n\n\n\n<div class=\"vc_separator wpb_content_element vc_separator_align_center vc_sep_width_10 vc_sep_border_width_3 vc_sep_pos_align_left vc_separator_no_text\" ><span class=\"vc_sep_holder vc_sep_holder_l\"><span  style=\"border-color:#3e7aff;\" class=\"vc_sep_line\"><\/span><\/span><span class=\"vc_sep_holder vc_sep_holder_r\"><span  style=\"border-color:#3e7aff;\" class=\"vc_sep_line\"><\/span><\/span>\n<\/div><\/div>\n\n<div class=\"vc_col-sm-8 wpb_column column_container  jupiter-donut- _ jupiter-donut-height-full\">\n\t\t<div class=\"vc_custom_1676985133835\">\n\n<div id=\"text-block-8\" class=\"mk-text-block  jupiter-donut-\">\n\n\t\n\t<p>Important: Acces\u00e2nd site-ul nostru \u0219i\/sau oferindu-ne orice informa\u021bie cu caracter personal, v\u0103 da\u021bi consim\u021b\u0103m\u00e2ntul explicit ca toate datele cu caracter personal pe care ni le furniza\u021bi s\u0103 fie prelucrate de noi \u00een modul \u0219i \u00een scopurile descrise \u00een continuare \u00een aceast\u0103 politic\u0103 de confiden\u021bialitate \u0219i \u00een conformitate cu legile \u0219i regulamentele \u00een vigoare privind datele cu caracter personal.<\/p>\n<p>Respect\u0103m confiden\u021bialitatea datelor dumneavoastr\u0103 \u0219i ne angaj\u0103m s\u0103 protej\u0103m orice informa\u021bii personale pe care le ve\u021bi imp\u0103rt\u0103\u0219i cu noi, \u00eentr-un mod adecvat. Aceast\u0103 Politic\u0103 de Confiden\u021bialitate descrie practicile de confiden\u021bialitate pentru site-ul www.adlertrailer.ro<br \/>\nCa o condi\u021bie de a utiliza serviciile S.C. ADLER TRAILER S.R.L., sunte\u021bi de acord cu termenii din aceast\u0103 Declara\u021bie de politic\u0103 de confiden\u021bialitate.<br \/>\nNot\u0103m \u0219i c\u0103 aceast\u0103 declara\u021bie poate fi actualizat\u0103, iar schimb\u0103rile vor fi afi\u0219ate pe aceast\u0103 pagin\u0103. Aceast\u0103 Declara\u021bie de Politic\u0103 de confiden\u021bialitate se aplic\u0103 exclusiv serviciilor S.C. ADLER TRAILER S.R.L..<br \/>\nDac\u0103 ave\u021bi \u00eentreb\u0103ri cu privire la utilizarea datelor dvs., ne pute\u021bi contacta prin e-mail la office@adlertrailer.ro<\/p>\n<p>Toate informa\u021biile ce apar pe acest site sunt proprietatea S.C. ADLER TRAILER S.R.L.. Ne rezerv\u0103m dreptul de a schimba con\u021binutul \u00een orice moment f\u0103r\u0103 notificare prealabil\u0103. Prin citirea informa\u021biilor prezentate \u00een cadrul site-ului, confirma\u021bi acordul dvs. cu privire la ace\u0219ti termeni \u0219i condi\u021bii. S.C. ADLER TRAILER S.R.L. nu colecteaz\u0103 cu bun\u0103 \u0219tiin\u021b\u0103 informa\u021bii personale de la utilizatorii care au sub 18 ani.<\/p>\n<p>Conform cerin\u021belor Legii nr. 677\/2001 pentru protec\u021bia persoanelor, cu privire la prelucrarea datelor cu caracter personal \u0219i libera circula\u021bie a acestor date, modificat\u0103 \u0219i completat\u0103 \u0219i ale Legii nr. 506\/2004 privind prelucrarea datelor cu caracter personal \u0219i protec\u021bia vie\u021bii private \u00een sectorul comunica\u021biilor electronice, avem obliga\u021bia de a p\u0103stra confiden\u021bialitatea \u0219i de a utiliza \u00een condi\u021bii de siguran\u021b\u0103 datele personale pe care ni le furniza\u021bi despre dvs. numai \u00een scopuri de marketing direct (trimiterea de newslettere) \u0219i comercializarea de servicii sau produse.<\/p>\n<p>Atunci c\u00e2nd solicita\u021bi o cerere de detalii prin intermediul paginii de site, vi se va cere s\u0103 introduce\u021bi date cum ar fi numele dvs., adresa de e-mail, numele companiei \u0219i num\u0103rul de telefon. De asemenea, cerem acceptul pentru prelucrarea datelor, iar aceast\u0103 permisiune ne este necesar\u0103 pentru a v\u0103 trimite notific\u0103ri. Nu folosim datele primite \u00een urma acestei permisiuni \u00een alte scopuri dec\u00e2t cel de notificare, nu vindem sau d\u0103m altor ter\u021bi aceste informa\u021bii.<br \/>\nDac\u0103 ave\u021bi \u00eentreb\u0103ri, comentarii sau reclama\u021bii cu privire la aceast\u0103 politic\u0103 de confiden\u021bialitate sau practicile noastre de confiden\u021bialitate, v\u0103 rug\u0103m s\u0103 nu ezita\u021bi s\u0103 ne contacta\u021bi la office@adlertrailer.ro<\/p>\n<p>Politica noastr\u0103 de prelucrare a datelor cu caracter personal<br \/>\n\u00cen vederea inform\u0103rii dvs. privind nout\u0103\u021bile, oferirii de r\u0103spunsuri la reclama\u021biile plasate, evalu\u0103rii bunurilor \u0219i serviciilor oferite, precum \u0219i a exercit\u0103rii unor activit\u0103\u021bi comerciale, de promovare a bunurilor \u0219i serviciilor, de marketing, publicitate, de dezvoltare, de cercetare de pia\u021b\u0103, statistic\u0103, activit\u0103\u021bi administrative \u0219i de media, sunteti de acord s\u0103 ne \u00eencredin\u021ba\u021bi urm\u0103toarele date cu caracter personal: nume, prenume, adresa de domiciliu, adresa de e-mail, adresa de ip, num\u0103r de telefon. Va rug\u0103m s\u0103 nu ne furniza\u021bi alte date cu caracter personal dec\u00e2t cele strict necesare scopului precizat \u00een aceast\u0103 politic\u0103.<\/p>\n<p>Datele cu caracter personal furnizate cu consim\u021b\u0103m\u00e2ntul dvs. sunt \u0219i vor fi colectate \u0219i prelucrate de noi exclusiv \u00een scopurile pe care le vom prezenta \u00een cele ce urmeaz\u0103. Men\u021bion\u0103m faptul c\u0103 prelucrarea datelor cu caracter personal se realizeaz\u0103 \u00een temeiul consim\u021b\u0103m\u00e2ntului dvs. \u00een acest sens (art. 6 alin. (1) lit. (a) din Regulamentul General privind Protec\u021bia Datelor, numit \u00een cele ce urmeaz\u0103 Regulament\/ul. Situa\u021biile \u00een care S.C. ADLER TRAILER S.R.L. va colecta \u0219i prelucra datele dvs. cu caracter personal \u0219i scopurile \u00een vederea c\u0103rora aceste date vor fi prelucrate, sunt urmatoarele:<br \/>\nNewsletter. Pute\u021bi folosi acest site pentru a v\u0103 abona la newsletter. \u00een aceast\u0103 situa\u021bie, datele furnizate vor fi folosite exclusiv pentru a v\u0103 informa despre produsele noastre \u0219i evenimentele la care particip\u0103m \u0219i de marketing direct \u0219i publicitate.<\/p>\n<p>Alte scopuri. Pute\u021bi trimite date cu caracter personal (cum ar fi nume, adres\u0103 e-mail, num\u0103r de telefon, nume companie) pentru alte scopuri dec\u00e2t cele men\u021bionate mai \u00eenainte. \u00cen orice situa\u021bie, scopul pentru care sunte\u021bi ruga\u021bi s\u0103 ne furniza\u021bi informa\u021bii este exprimat foarte clar. Nu vom folosi datele dvs. \u00een alte scopuri, care nu au fost specificate \u00een momentul introducerii datelor.<br \/>\nPentru a accesa continutul acestui site, nu este necesar s\u0103 v\u0103 \u00eenregistra\u021bi ca utilizator \u0219i nici nu trebuie s\u0103 ne furniza\u021bi informa\u021bii despre dvs. Totu\u0219i, pute\u021bi folosi acest site pentru a trimite o cerere de detalii sau pentru a v\u0103 abona la newsletter prin intermediul formularelor \u00een care ne furniza\u021bi informa\u021bii despre dvs. \u00cen aceste situa\u021bii, datele furnizate vor fi folosite exclusiv pentru a analiza cererea dvs. \u0219i a-i da curs, precum \u0219i pentru scopuri administrative aferente. Prelucr\u0103m datele cu caracter personal furnizate de dvs. \u00een baza consim\u021b\u0103m\u00e2ntului dvs.<\/p>\n<p>V\u0103 aducem la cuno\u0219tin\u021b\u0103 c\u0103 utiliz\u0103m diferite servicii de la parteneri\/ colaboratori\/ furnizori externi sau interni (\u201dpersoane \u00eemputernicite de operator\u201d), c\u0103rora le putem transmite o parte din datele cu caracter personal colectate de la dvs., cu men\u021biunea expres\u0103 ca vom apela doar la persoane \u00eemputernicite care ofer\u0103 garan\u021bii suficiente pentru punerea \u00een aplicare a unor m\u0103suri tehnice \u0219i organizatorice adecvate, astfel \u00eenc\u00e2t prelucrarea s\u0103 respecte cerin\u021bele prev\u0103zute \u00een Regulament \u0219i s\u0103 asigure protec\u021bia drepturilor dvs. Categoriile de servicii pentru care colabor\u0103m cu furnizorii mai sus men\u021biona\u021bi \u0219i datele cu caracter personal transferate acestora sunt urmatoarele:<br \/>\n1. Servicii SMTP (comunicare e-mail) \u2013 adres\u0103 de e-mail;<br \/>\n2. Servicii newsletter \u2013 adres\u0103 de e-mail, nume, prenume, num\u0103r de telefon;<br \/>\n3. Servicii de facturare \u2013 nume, prenume, adresa de e-mail, num\u0103r de telefon, adres\u0103;<br \/>\n4. Servicii de curierat\/po\u0219t\u0103 \u2013 nume, prenume, adres\u0103 de e-mail, num\u0103r de telefon, adres\u0103;<br \/>\n5. Servicii de trimite SMS \u2013 num\u0103rul de telefon;<br \/>\n7. Servicii de comentarii \u2013 nume, prenume, e-mail;<br \/>\n8. Servicii de contabilitate \u2013 nume, prenume, adres\u0103;<br \/>\n9. Servicii juridice \u2013 nume, prenume, adres\u0103.<br \/>\nColect\u0103m, stoc\u0103m \u0219i folosim aceste date cu caracter personal doar pentru scopurile men\u021bionate \u00een momentul introducerii lor \u0219i le p\u0103str\u0103m doar c\u00e2t timp este necesar realiz\u0103rii acelor scopuri sau pentru alte scopuri legitime aplicabile. Astfel, datele cu caracter personal furnizate de dvs. vor fi prelucrate pe perioada derul\u0103rii rela\u021biilor contractuale cu dvs., precum \u0219i ulterior, pentru o durat\u0103 rezonabil\u0103, care nu poate fi mai scurt\u0103 dec\u00e2t termenul general de prescrip\u021bie. \u00cen aceste situa\u021bii, dac\u0103 decide\u021bi s\u0103 nu furniza\u021bi vreuna dintre datele cerute de noi, este posibil s\u0103 nu pute\u021bi trimite formularele pentru cerere de detalii \u0219i newsletter sau s\u0103 nu putem da curs solicit\u0103rii dvs.<br \/>\nDatele furnizate \u00een solicitarea sau \u00een cererea dvs. sunt accesate de cei care prelucreaz\u0103 datele \u00een vederea realiz\u0103rii scopului de prelucrare a datelor \u0219i\/sau de speciali\u0219tii care ofer\u0103 suport tehnic pentru realizarea sarcinilor legate de func\u021bionarea \u0219i \u00eentre\u021binerea sistemului tehnic. Nu furniz\u0103m datele dvs. cu caracter personal altora dec\u00e2t dac\u0103:<br \/>\nse impune pentru a v\u0103 oferi serviciul solicitat \u0219i v-am informat \u00een detaliu \u00een aceast\u0103 privin\u021b\u0103;<br \/>\nconsider\u0103m cu bun\u0103-credin\u021b\u0103 c\u0103 dezv\u0103luirea unor astfel de informa\u021bii este necesar\u0103, \u00een mod rezonabil, pentru a respecta anumite legi sau regulamente \u00een vigoare;<br \/>\nni se solicit\u0103 de c\u0103tre autorit\u0103\u021bile \u00een drept;<br \/>\nse impune pentru a depista \u0219i a preveni o fraud\u0103, din motive tehnice sau de securitate.<br \/>\nFolosind acest site, v\u0103 da\u021bi consim\u021b\u0103m\u00e2ntul ca noi s\u0103 dezv\u0103luim datele dvs. cu caracter personal unor ter\u021be p\u0103r\u021bi exclusiv pentru scopurile men\u021bionate. \u00cen nicio \u00eemprejurare nu vom vinde, oferi la schimb sau divulga temporar \u00een schimbul unei sume de bani vreo informa\u021bie cu caracter personal furnizat\u0103 de dvs.<br \/>\nDrepturile dumneavoastr\u0103<br \/>\nOri de c\u00e2te ori prelucr\u0103m date cu caracter personal, lu\u0103m m\u0103suri rezonabile pentru a ne asigura c\u0103 datele dvs. cu caracter personal sunt exacte \u0219i actualizate \u00een permanen\u021b\u0103 \u00een vederea realiz\u0103rii scopurilor pentru care au fost colectate. Ave\u021bi urm\u0103toarele drepturi privitoare la datele cu caracter personal pe care ni le-a\u021bi furnizat:<br \/>\ndreptul de acces la date \u2013 ave\u021bi dreptul de a ob\u021bine din partea S.C. ADLER TRAILER S.R.L. o confirmare c\u0103 se prelucreaz\u0103 sau nu date cu caracter personal care v\u0103 privesc, precum \u0219i acces la datele respective; totodat\u0103, pute\u021bi ob\u021bine o copie a datelor cu caracter personal pe care ni le-a\u021bi furnizat \u0219i care fac obiectul prelucr\u0103rii; pentru orice alte copii solicitate de dvs., S.C. ADLER TRAILER S.R.L. poate percepe o tax\u0103 rezonabil\u0103, bazat\u0103 pe costurile administrative; \u00een cazul \u00een care introduce\u021bi cererea \u00een format electronic \u0219i cu excep\u021bia cazului \u00een care solicita\u021bi un alt format, informa\u021biile v\u0103 vor fi furnizate \u00eentr-un format electronic utilizat \u00een mod curent;<br \/>\ndreptul la rectificare \u2013 ave\u021bi dreptul de a ob\u021bine rectificarea de c\u0103tre S.C. ADLER TRAILER S.R.L. a datelor cu caracter personal inexacte, precum \u0219i dreptul de a ob\u021bine completarea datelor cu caracter personal care sunt incomplete; S.C. ADLER TRAILER S.R.L. va comunica fiec\u0103rui destinatar c\u0103ruia i-au fost divulgate datele cu caracter personal orice rectificare a acestora, cu excep\u021bia cazului \u00een care acest lucru se dovede\u0219te imposibil sau presupune eforturi dispropor\u021bionate \u0219i v\u0103 va informa cu privire la ace\u0219ti destinatari, dac\u0103 ve\u021bi solicita acest lucru;<br \/>\ndreptul la \u0219tergerea datelor \u2013 ave\u021bi dreptul de a ob\u021bine din partea S.C. ADLER TRAILER S.R.L. \u0219tergerea datelor cu caracter personal care v\u0103 privesc, f\u0103r\u0103 \u00eent\u00e2rzieri nejustificate, iar S.C. ADLER TRAILER S.R.L. are obliga\u021bia de a \u0219terge datele respective, atunci c\u00e2nd:<br \/>\n(1) datele cu caracter personal nu mai sunt necesare pentru \u00eendeplinirea scopurilor pentru care au fost colectate sau prelucrate;<br \/>\n(2) v\u0103 retrage\u021bi consim\u021b\u0103m\u00e2ntul pe baza c\u0103ruia are loc prelucrarea \u0219i nu exist\u0103 niciun alt temei juridic pentru prelucrare;<br \/>\n(3) v\u0103 opune\u021bi prelucr\u0103rii \u0219i nu exist\u0103 motive legitime care s\u0103 prevaleze \u00een ceea ce prive\u0219te prelucrarea;<br \/>\n(4) datele cu caracter personal au fost prelucrate ilegal;<br \/>\n(5) datele cu caracter personal trebuie \u0219terse pentru respectarea unei obliga\u021bii legale ce revine S.C. ADLER TRAILER S.R.L. \u00een temeiul dreptului Uniunii sau al legisla\u021biei rom\u00e2ne; S.C. ADLER TRAILER S.R.L. va comunica fiec\u0103rui destinatar c\u0103ruia i-au fost divulgate datele cu caracter personal orice \u0219tergere a acestora, cu excep\u021bia cazului \u00een care acest lucru se dovede\u0219te imposibil sau presupune eforturi dispropor\u021bionate \u0219i v\u0103 va informa cu privire la ace\u0219ti destinatari, dac\u0103 ve\u021bi solicita acest lucru;<br \/>\ndreptul la restric\u021bionarea prelucr\u0103rii \u2013 ave\u021bi dreptul de a ob\u021bine din partea S.C. ADLER TRAILER S.R.L. restric\u021bionarea prelucr\u0103rii \u00een cazul \u00een care v\u0103 afla\u021bi \u00eentr-unul din urm\u0103toarele cazuri:<br \/>\n(1) contesta\u021bi exactitatea datelor, pentru perioada care \u00eei permite S.C. ADLER TRAILER S.R.L. s\u0103 verifice exactitatea datelor;<br \/>\n(2) prelucrarea este ilegal\u0103, iar dvs. v\u0103 opune\u021bi \u0219tergerii datelor cu caracter personal, solicit\u00e2nd \u00een schimb restric\u021bionarea utiliz\u0103rii lor;<br \/>\n(3) S.C. ADLER TRAILER S.R.L. nu mai are nevoie de datele cu caracter personal \u00een scopul prelucr\u0103rii, dar dvs. le solicita\u021bi pentru constatarea, exercitarea sau ap\u0103rarea unui drept \u00een instan\u021b\u0103; sau<br \/>\n(4) v-a\u021bi opus prelucr\u0103rii pentru intervalul de timp \u00een care se verific\u0103 dac\u0103 drepturile legitime ale S.C. ADLER TRAILER S.R.L. prevaleaz\u0103 asupra drepturilor dvs.; S.C. ADLER TRAILER S.R.L. va comunica fiec\u0103rui destinatar c\u0103ruia i-au fost divulgate datele cu caracter personal orice restric\u021bionare a prelucr\u0103rii, cu excep\u021bia cazului \u00een care acest lucru se dovede\u0219te imposibil sau presupune eforturi dispropor\u021bionate \u0219i va va informa cu privire la ace\u0219ti destinatari, dac\u0103 ve\u021bi solicita acest lucru;<br \/>\ndreptul la portabilitatea datelor \u2013 ave\u021bi dreptul de a primi datele dvs. cu caracter personal, astfel cum acestea au fost furnizate c\u0103tre S.C. ADLER TRAILER S.R.L., \u00eentr-un format structurat, utilizat \u00een mod curent \u0219i care poate fi citit automat \u0219i de a transmite aceste date altui operator, \u00een anumite condi\u021bii; \u00een exercitarea acestui drept, ave\u021bi dreptul ca datele cu caracter personal s\u0103 fie transmise direct de la S.C. ADLER TRAILER S.R.L. la alt operator atunci c\u00e2nd acest lucru este fezabil din punct de vedere tehnic;<br \/>\ndreptul la opozi\u021bie \u2013 ave\u021bi dreptul de a v\u0103 opune, din motive legate de situa\u021bia particular\u0103 \u00een care v\u0103 afla\u021bi, \u00een orice moment, prelucr\u0103rii datelor dvs. cu caracter personal, inclusiv cre\u0103rii de profiluri pe baza respectivelor dispozi\u021bii;<br \/>\ndreptul de a nu face obiectul unei decizii bazate exclusiv pe prelucrarea automat\u0103, inclusiv crearea de profiluri;<br \/>\ndreptul de a depune o pl\u00e2ngere \u00een fa\u021ba Autorit\u0103\u021bii Na\u021bionale de Supraveghere a Prelucr\u0103rii Datelor cu Caracter Personal;<br \/>\ndreptul de a v\u0103 retrage consim\u021b\u0103m\u00e2ntul \u00een orice moment, f\u0103r\u0103 a afecta legalitatea prelucr\u0103rii datelor cu caracter personal efectuate de S.C. ADLER TRAILER S.R.L. pe baza consim\u021b\u0103m\u00e2ntului \u00eenainte de retragerea acestuia.<br \/>\nPentru orice \u00eentreb\u0103ri sau cereri referitoare la datele cu caracter personal pe care ni le-a\u021bi transmis, inclusiv \u00een vederea exercit\u0103rii drepturilor pe care le ave\u021bi, astfel cum sunt acestea men\u021bionate \u00een cadrul sec\u021biunii anterioare, ne pute\u021bi contacta la adresa: Mo\u0219ni\u021ba, str. Reca\u0219, nr. 16, jud. Timi\u0219<br \/>\nS.C. ADLER TRAILER S.R.L. va furniza informa\u021biile solicitate \u00een format electronic atunci c\u00e2nd este posibil, cu excep\u021bia cazului \u00een care solicita\u021bi un alt format.<br \/>\nInforma\u021biile furnizate, precum \u0219i orice comunicare \u0219i m\u0103suri luate \u00een exercitarea de c\u0103tre dvs. a drepturilor de mai sus, sunt oferite de S.C. ADLER TRAILER S.R.L. gratuit. Cu toate acestea, \u00een cazul \u00een care cererile formulate de dvs. sunt nefondate sau excesive, \u00een special din cauza caracterului lor repetitiv, S.C. ADLER TRAILER S.R.L. poate:<br \/>\nfie s\u0103 perceap\u0103 o tax\u0103, \u021bin\u00e2nd cont de costurile administrative pentru furnizarea informa\u021biilor sau a comunic\u0103rii sau pentru luarea m\u0103surilor solicitate;<br \/>\nfie s\u0103 refuze s\u0103 dea curs cererii.<br \/>\nPreciz\u0103m faptul c\u0103 prin acceptarea acestui acord, datele dvs. personale vor fi prelucrate de S.C. ADLER TRAILER S.R.L., conform prezen\u021bei Politici de Prelucrare a Datelor cu Caracter Personal.<\/p>\n\n\t<div class=\"clearboth\"><\/div>\n<\/div>\n\n\t<\/div>\n<\/div>\n\t<\/div>\n\n<div  data-mk-stretch-content=\"true\" class=\"wpb_row vc_row vc_row-fluid jupiter-donut- mk-fullwidth-false  attched-false     js-master-row  mk-grid\">\n\t\t\t\t\n<div class=\"vc_col-sm-12 wpb_column column_container  jupiter-donut- _ jupiter-donut-height-full\">\n\t<div class=\"vc_empty_space\"   style=\"height: 70px\"><span class=\"vc_empty_space_inner\"><\/span><\/div><\/div>\n\t<\/div>\n\n<div  data-mk-full-width=\"true\" data-mk-full-width-init=\"false\" class=\"wpb_row vc_row vc_row-fluid jupiter-donut- mk-fullwidth-true  attched-false    vc_custom_1662360144977  js-master-row\">\n\t\t\t<div class=\"mk-grid\">\n\t\t\t\t\n<div class=\"vc_col-sm-8 wpb_column column_container  jupiter-donut- _ jupiter-donut-height-full\">\n\t<div class=\"vc_empty_space\"   style=\"height: 30px\"><span class=\"vc_empty_space_inner\"><\/span><\/div>\n<h2 id=\"fancy-title-11\" class=\"mk-fancy-title  simple-style jupiter-donut-  color-single\">\n\t<span>\n\t\t\t\t<p>Fast and safe oversized transport<\/p>\n\t\t\t<\/span>\n<\/h2>\n<div class=\"clearboth\"><\/div>\n\n\n\n\n<h2 id=\"fancy-title-12\" class=\"mk-fancy-title  simple-style jupiter-donut-  color-single\">\n\t<span>\n\t\t\t\t<p>Give us details about the type of goods and we will respond as soon as possible!<\/p>\n\t\t\t<\/span>\n<\/h2>\n<div class=\"clearboth\"><\/div>\n\n\n\n<\/div>\n\n<div class=\"vc_col-sm-4 wpb_column column_container  jupiter-donut- _ jupiter-donut-height-full\">\n\t\n<div id=\"mk-button-14\" class=\"mk-button-container _ jupiter-donut-relative    jupiter-donut-block jupiter-donut-text-center\">\n\n\t\n\t\t<a href=\"http:\/\/web.adlertrailer.ro\/en\/contact\/\" target=\"_self\" class=\"mk-button js-smooth-scroll mk-button--dimension-outline mk-button--size-x-large mk-button--corner-full_rounded _ jupiter-donut-relative jupiter-donut-text-center jupiter-donut-font-weight-700 jupiter-donut-no-backface  jupiter-donut-letter-spacing-2 jupiter-donut-inline-block\"><span class=\"mk-button--text\">Ask for offer<\/span><\/a>\n\n\t\n<\/div>\n<div class=\"vc_empty_space\"   style=\"height: 15px\"><span class=\"vc_empty_space_inner\"><\/span><\/div><\/div>\n\t\t\t<\/div>\n\t<\/div>\n<div class=\"vc_row-full-width vc_clearfix\"><\/div>","protected":false},"excerpt":{"rendered":"Protectia datelor cu caracter personal Politica de confiden\u021bialitate Important: Acces\u00e2nd site-ul nostru \u0219i\/sau oferindu-ne orice informa\u021bie cu caracter personal, v\u0103 da\u021bi consim\u021b\u0103m\u00e2ntul explicit ca toate datele cu caracter personal pe care ni le furniza\u021bi s\u0103 fie prelucrate de noi \u00een modul \u0219i \u00een scopurile descrise \u00een continuare \u00een aceast\u0103 politic\u0103 de confiden\u021bialitate \u0219i \u00een conformitate [...]","protected":false},"author":1,"featured_media":0,"parent":0,"menu_order":0,"comment_status":"closed","ping_status":"closed","template":"","meta":[],"_links":{"self":[{"href":"http:\/\/web.adlertrailer.ro\/en\/wp-json\/wp\/v2\/pages\/344"}],"collection":[{"href":"http:\/\/web.adlertrailer.ro\/en\/wp-json\/wp\/v2\/pages"}],"about":[{"href":"http:\/\/web.adlertrailer.ro\/en\/wp-json\/wp\/v2\/types\/page"}],"author":[{"embeddable":true,"href":"http:\/\/web.adlertrailer.ro\/en\/wp-json\/wp\/v2\/users\/1"}],"replies":[{"embeddable":true,"href":"http:\/\/web.adlertrailer.ro\/en\/wp-json\/wp\/v2\/comments?post=344"}],"version-history":[{"count":1,"href":"http:\/\/web.adlertrailer.ro\/en\/wp-json\/wp\/v2\/pages\/344\/revisions"}],"predecessor-version":[{"id":345,"href":"http:\/\/web.adlertrailer.ro\/en\/wp-json\/wp\/v2\/pages\/344\/revisions\/345"}],"wp:attachment":[{"href":"http:\/\/web.adlertrailer.ro\/en\/wp-json\/wp\/v2\/media?parent=344"}],"curies":[{"name":"wp","href":"https:\/\/api.w.org\/{rel}","templated":true}]}}