{"id":339,"date":"2023-02-21T13:59:16","date_gmt":"2023-02-21T11:59:16","guid":{"rendered":"http:\/\/web.adlertrailer.ro\/?page_id=339"},"modified":"2023-02-21T14:22:28","modified_gmt":"2023-02-21T12:22:28","slug":"termeni-si-conditii","status":"publish","type":"page","link":"http:\/\/web.adlertrailer.ro\/en\/termeni-si-conditii\/","title":{"rendered":"Termeni si conditii"},"content":{"rendered":"<div class=\"mk-page-section-wrapper\" data-mk-full-width=\"true\" data-mk-full-width-init=\"true\" data-mk-stretch-content=\"true\">\n\t<div id=\"page-section-1\" class=\"mk-page-section self-hosted   full_layout full-width-1 js-el js-master-row jupiter-donut-\"    data-intro-effect=\"false\">\n\n\t\t\t\n\t\t\t<div class=\"mk-page-section-inner\">\n\t\t\t\t\n\n\n<div class=\"mk-video-color-mask\"><\/div>\n\n\t\t\t\t\n\t\t\t\t\n\t\t\t<div class=\"mk-section-preloader js-el\" data-mk-component=\"Preloader\">\n\t\t\t<div class=\"mk-section-preloader__icon\"><\/div>\n\t\t<\/div>\n\t\n\t<div class=\"background-layer-holder\">\n\t\t<div id=\"background-layer--1\" data-mk-lazyload=\"false\" class=\"background-layer  none-blend-effect js-el\" data-mk-component=\"Parallax\" data-parallax-config='{\"speed\" : 0.3 }'  data-mk-img-set='{\"landscape\":{\"desktop\":\"http:\/\/web.adlertrailer.ro\/wp-content\/uploads\/2022\/09\/headerbg-11.jpg\",\"tablet\":\"http:\/\/web.adlertrailer.ro\/wp-content\/uploads\/2022\/09\/headerbg-11-1024x768.jpg\",\"mobile\":\"http:\/\/web.adlertrailer.ro\/wp-content\/uploads\/2022\/09\/headerbg-11-736x414.jpg\"},\"responsive\":\"true\"}' >\n\t\t\t\t\t\t\t\t\t<div class=\"mk-color-layer\"><\/div>\n\t\t<\/div>\n\t<\/div>\n\n\t\t\t<\/div>\n\n\t\t\t\n        <div class=\"page-section-content vc_row-fluid mk-grid fluid-width-equal-height-columns vertical-align-center\" >\n            <div class=\"mk-padding-wrapper wpb_row\">\n<div class=\"vc_col-sm-6 wpb_column column_container vc_custom_1662299566850 jupiter-donut- _ jupiter-donut-height-full\">\n\t\n<h2 id=\"fancy-title-3\" class=\"mk-fancy-title  simple-style jupiter-donut-  color-single\">\n\t<span>\n\t\t\t\t<p>Termeni si conditii<\/p>\n\t\t\t<\/span>\n<\/h2>\n<div class=\"clearboth\"><\/div>\n\n\n\n<\/div>\n\n<div class=\"vc_col-sm-6 wpb_column column_container  jupiter-donut- _ jupiter-donut-height-full\">\n\t<\/div>\n<\/div>\n            <div class=\"clearboth\"><\/div>\n        <\/div>\n\n\n\t\t\t\n\t\t\t\n\t\t\t\n\t\t<div class=\"clearboth\"><\/div>\n\t<\/div>\n<\/div>\n<div class=\"vc_row-full-width vc_clearfix\"><\/div>\n\n\n<div  data-mk-stretch-content=\"true\" class=\"wpb_row vc_row vc_row-fluid jupiter-donut- mk-fullwidth-false  attched-false    vc_custom_1662299810379  js-master-row  mk-grid\">\n\t\t\t\t\n<div class=\"vc_col-sm-4 wpb_column column_container  jupiter-donut- _ jupiter-donut-height-full\">\n\t\n<h2 id=\"fancy-title-6\" class=\"mk-fancy-title  simple-style jupiter-donut-  color-single\">\n\t<span>\n\t\t\t\t<p>Conditii generale<\/p>\n\t\t\t<\/span>\n<\/h2>\n<div class=\"clearboth\"><\/div>\n\n\n\n<div class=\"vc_separator wpb_content_element vc_separator_align_center vc_sep_width_10 vc_sep_border_width_3 vc_sep_pos_align_left vc_separator_no_text\" ><span class=\"vc_sep_holder vc_sep_holder_l\"><span  style=\"border-color:#3e7aff;\" class=\"vc_sep_line\"><\/span><\/span><span class=\"vc_sep_holder vc_sep_holder_r\"><span  style=\"border-color:#3e7aff;\" class=\"vc_sep_line\"><\/span><\/span>\n<\/div><\/div>\n\n<div class=\"vc_col-sm-8 wpb_column column_container  jupiter-donut- _ jupiter-donut-height-full\">\n\t\t<div class=\"vc_custom_1676980702411\">\n\n<div id=\"text-block-8\" class=\"mk-text-block  jupiter-donut-\">\n\n\t\n\t<p>Conditii Generale pentru utilizarea site-ului www.adlertrailer.ro<\/p>\n<p><strong>ACCEPTAREA CONDITIILOR<\/strong><br \/>\nPrin accesarea acestui site web si\/sau a oricarei pagini a acestuia sunteti de acord cu aceste conditii de utilizare. Daca nu sunteti de acord cu acesti termeni si conditii de utilizare, nu accesati acest site.<br \/>\nDESCRIEREA SERVICIILOR<br \/>\nSiteul nostru va pune la dispozitie informatiile din acest site web in scop informativ general si nu garanteaza de exactitatea lor la un moment dat, desi se va incerca pe cat posibil ca la publicarea lor pe site toate informatiile sa fie exacte.<br \/>\n<strong><br \/>\nINTRODUCERE<\/strong><br \/>\nPrezentele Conditii Generale definesc conditiile de utilizare a site-ului www.adlertrailer.ro de catre potentialii vizitatori sau clienti. Acces\u00e2nd si navig\u00e2nd pe acest site, acceptati termenii de utilizare descrisi \u00een continuare.<br \/>\nDREPTURILE ASUPRA CONTINUTULUI SITE-ULUI<br \/>\nS.C. ADLER TRAILER S.R.L. , cu sediul social in Timisoara, str Aristide Demetriade Nr. 1\/3, Judetul Timi\u0219, Romania, CUI 29118790, Nr. Reg. Com. J35\/2072\/2011  (denumita \u00een continuare Adler Trailer), nu va transfera titlul de proprietate asupra aplicatiilor software .<br \/>\nAdler Trailer detine drepturi complete si depline asupra titlului de proprietate si prin aceasta toate drepturile de autor si cele brevetate. Nu aveti dreptul sa redistribuiti, vindeti, decompilati, dezasamblati aplicatia software \u00eentr-o forma perceptibila de catre oameni.<br \/>\nToate informatiile, produsele sau aplicatiile continute \u00een acest site sunt proprietatea Adler Trailer, care \u00eesi rezerva dreptul de a modifica continutul si\/sau structura site-ului \u00een orice moment si fara nici o informare prealabila.<br \/>\n\u00centregul continut al site-ului Adler Trailer este protejat prin legea drepturilor de autor, toate drepturile fiind rezervate. Toate drepturile referitoare la pagini, continutul si prezentarea site-ului sunt detinute de Adler Trailer. Este interzisa copierea, modificarea, afisarea, distribuirea, transmiterea, publicarea, comercializarea, licentierea, crearea unor materiale derivate sau utilizarea continutului site-ului \u00een orice scop fara confirmarea scrisa din partea Adler Trailer.<br \/>\nAccesul si utilizarea paginii www.adlertrailer.ro sunt gratuite si au scopul de a veni in ajutorul utilizatorilor pentru a gasi informatiile necesare \u00een cel mai usor si rapid mod posibil, conform cerintelor fiecaruia.<br \/>\nInformatiile prezente pe www.adlertrailer.ro sunt de interes general si sunt puse la dispozitia utilizatorilor \u00een mod gratuit. Prin termenul \u201eutilizator\u201d al acestei pagini se \u00eentelege orice persoana fizica sau juridica care va accesa pagina. Puteti copia si tipari continutul paginii www.adlertrailer.ro pentru folosinta dumneavoastra personala, fara intentii comerciale. \u00cen orice alte situatii, continutul www.adlertrailer.ro nu poate fi reprodus, modificat sau exploatat fara consimtam\u00e2ntul explicit al reprezentantilor www.adlertrailer.ro .<\/p>\n<p><strong>NEANGAJAREA RASPUNDERII<\/strong><br \/>\nContinutul informatiilor se refera la descrierea \u00eentr-un anumit grad de detaliere a activitatilor, produselor si serviciilor S.C. ADLER TRAILER CONSTRUCT S.R.L.. S.C. ADLER TRAILER S.R.L.   nu va acorda nici o garantie referitoare la:<br \/>\n\u2013 evitarea utilizarii anevoioase sau \u00eentreruperii \u00een utilizare a site-ului;<br \/>\n\u2013 neafectarea \u00een sens negativ a altor sisteme prin utilizarea site-ului;<br \/>\n\u2013 inexistenta pe site-ul pus la dispozitie a virusilor sau alte componente care ar putea dauna utilizatorilor.<br \/>\nAstfel, S.C. ADLER TRAILER S.R.L.   nu poate fi responsabila pentru nici un fel de daune directe sau indirecte produse prin utilizarea site-ului sau.<br \/>\nToate informatiile prezentate pe site cu privire la produsele www.adlertrailer.ro, preturi, informatii, campanii si promotii de marketing, aspecte tehnice, sunt prezentate cu titlu informativ. Nimic din continutul site-ului www.adlertrailer.ro nu poate constitui o oferta ferma de a contracta si nu poate angaja raspunderea Amigio \u00een lipsa unor acorduri ulterioare.<br \/>\nContinutul paginilor web www.adlertrailer.ro , a informatiilor si a altor materiale prezentate de Comunitatea www.adlertrailer.ro nu reprezinta o consultatie juridica \u00een sensul Legii nr. 51\/1995.<br \/>\nGDPR este un set de reguli bazat pe principii complexe, care este deschis la interpretare si cotine, de asemenea, numeroase domenii \u00een care statele membre sunt invitate sa intervina. Este posibil ca Autoritatile de Supraveghere sa aiba puncte de vedere diferite fata de cele exprimate \u00een acest \u0219ablon. \u00cen ciuda eforturilor noastre de a oferi cele mai bune servicii, nu putem anticipa cu exactitate modul \u00een care Autoritatea de Supraveghere sau instan\u021bele de judecata vor interpreta Regulamentul.<br \/>\nwww.adlertrailer.ro nu face nicio declaratie, promisiune sau garantie cu privire la exactitatea, exhaustivitatea sau caracterul adecvat al prezentului continut, al \u00eendrumarilor si a consultantei, nu \u00eesi asuma nicio obligatie de rezultat sau diligenta fata de nicio persoana, exclud \u00een mod expres si neaga raspunderea pentru orice cost, pierdere sau daunele suferite ca urmare a utilizarii continutului.<\/p>\n<p><strong>OBIECTIVUL CONTINUTULUI SITE-ULUI<\/strong><br \/>\nObiectivul continutului site-ului este de a transmite informatii actualizate si exacte.<br \/>\nS.C. ADLER TRAILER S.R.L.   nu poate garanta ca prezentele pagini nu contin erori, si asigura ca va depune toate diligentele pentru realizarea unei informari corecte si remedierea eventualelor erori.<br \/>\nOrice persoana care doreste sa-si procure unul din serviciile sau produsele prezentate \u00een site este rugata sa contacteze S.C. ADLER TRAILER S.R.L.   prin unul din mijloacele afisate \u00een pagina de Contact a site-ului, pentru a se informa at\u00e2t asupra disponibilitatii serviciului sau produsului \u00een cauza c\u00e2t si asupra conditiilor contractuale, tarifelor si informatiilor tehnice sau de alta natura.<br \/>\n<strong><br \/>\nINFORMATII PERSONALE<\/strong><br \/>\nC\u00e2nd prin intermediul prezentului www.adlertrailer.ro va sunt solicitate informatii, aceasta are ca scop identificarea dumneavoastra sau posibilitatea de a va contacta. Acest lucru este cu at\u00e2t mai necesar \u00een cazul folosirii aplicatiilor disponibile pe site.<br \/>\nNatura informatiilor solicitate se refera \u00een special la date personale (nume, adresa, numere de telefon), adresa de e-mail, modul \u00een care sunt utilizate sau intentioneaza sa fie utilizate produsele si\/sau serviciile S.C. ADLER TRAILER S.R.L.  , dar poate include si alte informatii aflate \u00een str\u00e2nsa legatura cu utilizarea serviciilor si\/sau produselor solicitate.<br \/>\nCu scopul de a raspunde mai bine nevoilor si \u00eentrebarilor utilizatorilor site-ului, informatiile solicitate prin intermediul acestui site vor face obiectul unei stocari si prelucrari electronice.<\/p>\n<p><strong>LEGATURA CU ALTE SITE-URI<\/strong><br \/>\nPrezentul site poate contine legaturi sau trimiteri catre alte site-uri considerate de  S.C. ADLER TRAILER S.R.L.   utile \u00een legatura cu continutul site-ului sau si care nu se afla sub controlul sau \u00eendrumarea sa. \u00cen cazul utilizarii acestor legaturi sau trimiteri se vor aplica conditiile generale de utilizare corespunzatoare acelor site-uri.<br \/>\nS.C. ADLER TRAILER S.R.L.   nu poate garanta\/controla actualitatea\/exactitatea informatiilor prezente pe site-urile unor terti, la care se face trimitere de pe site-ul sau.<br \/>\n<strong><br \/>\nINFORMATIILE OFERITE PRIN INTERMEDIUL SITE-ULUI<\/strong><br \/>\nOrice persoana care viziteaza site-ul www.adlertrailer.ro si care ofera date sau informatii cu caracter personal prin intermediul acestui site \u00eesi manifesta acordul \u00een mod expres si neechivoc pentru urmatoarele: prelucrarea acestor date si informatii personale de catre S.C. ADLER TRAILER S.R.L.  ; transmiterii de materiale promotionale specifice operatiunilor de marketing direct; solutionarea de catre S.C. ADLER TRAILER S.R.L.   a cererilor, \u00eentrebarilor si reclamatiilor adresate (a se vedea pagina Contact din site); alte activitati \u00eentreprinse de S.C. ADLER TRAILER S.R.L.   si permise de lege, ce nu fac obiectul unei aprobari din partea destinatarului.<br \/>\nS.C. ADLER TRAILER S.R.L.   va pastra confidentialitatea acestor informatii.<br \/>\nUtilizarea \u00een continuare a acestui site constituie acordul expres si neechivoc al dumneavoastra \u00een conformitate cu prevederile legii 677\/2001 si directivelor GDPR pentru protectia persoanelor cu privire la prelucrarea datelor cu caracter personal si libera circulatie a acestor date.<br \/>\nPentru orice nelamurire \u00een legatura cu exercitarea drepturilor dumneavoastra referitoare la utilizarea site-ului si la protectia utilizarii va rugam sa ne contactati prin intermediul sectiunii Contact din site sau la adresa de email: office@adlertrailer.ro<\/p>\n\n\t<div class=\"clearboth\"><\/div>\n<\/div>\n\n\t<\/div>\n<\/div>\n\t<\/div>\n\n<div  data-mk-stretch-content=\"true\" class=\"wpb_row vc_row vc_row-fluid jupiter-donut- mk-fullwidth-false  attched-false     js-master-row  mk-grid\">\n\t\t\t\t\n<div class=\"vc_col-sm-12 wpb_column column_container  jupiter-donut- _ jupiter-donut-height-full\">\n\t<div class=\"vc_empty_space\"   style=\"height: 70px\"><span class=\"vc_empty_space_inner\"><\/span><\/div><\/div>\n\t<\/div>\n\n<div  data-mk-full-width=\"true\" data-mk-full-width-init=\"false\" class=\"wpb_row vc_row vc_row-fluid jupiter-donut- mk-fullwidth-true  attched-false    vc_custom_1662360144977  js-master-row\">\n\t\t\t<div class=\"mk-grid\">\n\t\t\t\t\n<div class=\"vc_col-sm-8 wpb_column column_container  jupiter-donut- _ jupiter-donut-height-full\">\n\t<div class=\"vc_empty_space\"   style=\"height: 30px\"><span class=\"vc_empty_space_inner\"><\/span><\/div>\n<h2 id=\"fancy-title-11\" class=\"mk-fancy-title  simple-style jupiter-donut-  color-single\">\n\t<span>\n\t\t\t\t<p>Fast and safe oversized transport<\/p>\n\t\t\t<\/span>\n<\/h2>\n<div class=\"clearboth\"><\/div>\n\n\n\n\n<h2 id=\"fancy-title-12\" class=\"mk-fancy-title  simple-style jupiter-donut-  color-single\">\n\t<span>\n\t\t\t\t<p>Give us details about the type of goods and we will respond as soon as possible!<\/p>\n\t\t\t<\/span>\n<\/h2>\n<div class=\"clearboth\"><\/div>\n\n\n\n<\/div>\n\n<div class=\"vc_col-sm-4 wpb_column column_container  jupiter-donut- _ jupiter-donut-height-full\">\n\t\n<div id=\"mk-button-14\" class=\"mk-button-container _ jupiter-donut-relative    jupiter-donut-block jupiter-donut-text-center\">\n\n\t\n\t\t<a href=\"http:\/\/web.adlertrailer.ro\/en\/contact\/\" target=\"_self\" class=\"mk-button js-smooth-scroll mk-button--dimension-outline mk-button--size-x-large mk-button--corner-full_rounded _ jupiter-donut-relative jupiter-donut-text-center jupiter-donut-font-weight-700 jupiter-donut-no-backface  jupiter-donut-letter-spacing-2 jupiter-donut-inline-block\"><span class=\"mk-button--text\">Ask for offer<\/span><\/a>\n\n\t\n<\/div>\n<div class=\"vc_empty_space\"   style=\"height: 15px\"><span class=\"vc_empty_space_inner\"><\/span><\/div><\/div>\n\t\t\t<\/div>\n\t<\/div>\n<div class=\"vc_row-full-width vc_clearfix\"><\/div>","protected":false},"excerpt":{"rendered":"Termeni si conditii Conditii generale Conditii Generale pentru utilizarea site-ului www.adlertrailer.ro ACCEPTAREA CONDITIILOR Prin accesarea acestui site web si\/sau a oricarei pagini a acestuia sunteti de acord cu aceste conditii de utilizare. Daca nu sunteti de acord cu acesti termeni si conditii de utilizare, nu accesati acest site. DESCRIEREA SERVICIILOR Siteul nostru va pune la [...]","protected":false},"author":1,"featured_media":0,"parent":0,"menu_order":0,"comment_status":"closed","ping_status":"closed","template":"","meta":[],"_links":{"self":[{"href":"http:\/\/web.adlertrailer.ro\/en\/wp-json\/wp\/v2\/pages\/339"}],"collection":[{"href":"http:\/\/web.adlertrailer.ro\/en\/wp-json\/wp\/v2\/pages"}],"about":[{"href":"http:\/\/web.adlertrailer.ro\/en\/wp-json\/wp\/v2\/types\/page"}],"author":[{"embeddable":true,"href":"http:\/\/web.adlertrailer.ro\/en\/wp-json\/wp\/v2\/users\/1"}],"replies":[{"embeddable":true,"href":"http:\/\/web.adlertrailer.ro\/en\/wp-json\/wp\/v2\/comments?post=339"}],"version-history":[{"count":2,"href":"http:\/\/web.adlertrailer.ro\/en\/wp-json\/wp\/v2\/pages\/339\/revisions"}],"predecessor-version":[{"id":341,"href":"http:\/\/web.adlertrailer.ro\/en\/wp-json\/wp\/v2\/pages\/339\/revisions\/341"}],"wp:attachment":[{"href":"http:\/\/web.adlertrailer.ro\/en\/wp-json\/wp\/v2\/media?parent=339"}],"curies":[{"name":"wp","href":"https:\/\/api.w.org\/{rel}","templated":true}]}}